{"id":1160,"date":"2025-04-30T20:06:40","date_gmt":"2025-04-30T20:06:40","guid":{"rendered":"https:\/\/www.asrocgroup.com\/?post_type=product&#038;p=1160"},"modified":"2025-05-28T11:12:51","modified_gmt":"2025-05-28T11:12:51","slug":"55059778-gear-wheel","status":"publish","type":"product","link":"http:\/\/www.asrocgroup.com\/tr_tr\/urun\/55059778-gear-wheel\/","title":{"rendered":"55059778 GEAR WHEEL"},"content":{"rendered":"<p><img decoding=\"async\" class=\"size-medium wp-image-1161 alignleft\" src=\"https:\/\/www.asrocgroup.com\/wp-content\/uploads\/2025\/04\/ASR-550-597-78-GEAR-WHEEL-251x300.jpg\" alt=\"\" width=\"251\" height=\"300\" srcset=\"https:\/\/www.asrocgroup.com\/wp-content\/uploads\/2025\/04\/ASR-550-597-78-GEAR-WHEEL-251x300.jpg 251w, https:\/\/www.asrocgroup.com\/wp-content\/uploads\/2025\/04\/ASR-550-597-78-GEAR-WHEEL-600x719.jpg 600w, https:\/\/www.asrocgroup.com\/wp-content\/uploads\/2025\/04\/ASR-550-597-78-GEAR-WHEEL-855x1024.jpg 855w, https:\/\/www.asrocgroup.com\/wp-content\/uploads\/2025\/04\/ASR-550-597-78-GEAR-WHEEL-768x920.jpg 768w, https:\/\/www.asrocgroup.com\/wp-content\/uploads\/2025\/04\/ASR-550-597-78-GEAR-WHEEL-1283x1536.jpg 1283w, https:\/\/www.asrocgroup.com\/wp-content\/uploads\/2025\/04\/ASR-550-597-78-GEAR-WHEEL-10x12.jpg 10w, https:\/\/www.asrocgroup.com\/wp-content\/uploads\/2025\/04\/ASR-550-597-78-GEAR-WHEEL.jpg 1336w\" sizes=\"(max-width: 251px) 100vw, 251px\" \/>\u200bSandvik 55059778 Gear Wheel, Sandvik markas\u0131n\u0131n kaya delici makineleri i\u00e7in tasarlanm\u0131\u015f bir di\u015fli \u00e7arkt\u0131r. Bu par\u00e7a, makinelerinizin g\u00fcvenli ve verimli \u00e7al\u0131\u015fmas\u0131n\u0131 sa\u011flamak amac\u0131yla y\u00fcksek kalite standartlar\u0131na uygun olarak \u00fcretilmi\u015ftir.\u200b<\/p>\n<p>Teknik \u00d6zellikler<br \/>\nMarka: Sandvik<\/p>\n<p>Par\u00e7a Numaras\u0131: 55059778<\/p>\n<p>\u00dcr\u00fcn Tan\u0131m\u0131: Di\u015fli \u00c7ark (Gear Wheel)<\/p>\n<p>Kullan\u0131m Alan\u0131: Sandvik kaya delici makineleri\u200b<\/p>\n<p>Bu di\u015fli \u00e7ark, Sandvik&#8217;in \u00e7e\u015fitli kaya delici modelleriyle uyumlu olup, makinenizin performans\u0131n\u0131 ve dayan\u0131kl\u0131l\u0131\u011f\u0131n\u0131 art\u0131rmak i\u00e7in idealdir.<\/p>\n<h3 class=\"\" data-start=\"100\" data-end=\"118\"><strong data-start=\"104\" data-end=\"118\">ENGLISH:<\/strong><\/h3>\n<p class=\"\" data-start=\"120\" data-end=\"356\">The <strong data-start=\"124\" data-end=\"155\">Sandvik 55059778 Gear Wheel<\/strong> is a gear component designed for Sandvik brand rock drilling machines. This part is manufactured in accordance with high quality standards to ensure the safe and efficient operation of your equipment.<\/p>\n<p class=\"\" data-start=\"358\" data-end=\"388\"><strong data-start=\"358\" data-end=\"386\">Technical Specifications<\/strong><\/p>\n<ul data-start=\"389\" data-end=\"533\">\n<li class=\"\" data-start=\"389\" data-end=\"411\">\n<p class=\"\" data-start=\"391\" data-end=\"411\"><strong data-start=\"391\" data-end=\"400\">Brand<\/strong>: Sandvik<\/p>\n<\/li>\n<li data-start=\"389\" data-end=\"411\"><\/li>\n<li class=\"\" data-start=\"412\" data-end=\"441\">\n<p class=\"\" data-start=\"414\" data-end=\"441\"><strong data-start=\"414\" data-end=\"429\">Part Number<\/strong>: 55059778<\/p>\n<\/li>\n<li class=\"\" data-start=\"442\" data-end=\"481\">\n<p class=\"\" data-start=\"444\" data-end=\"481\"><strong data-start=\"444\" data-end=\"467\">Product Description<\/strong>: Gear Wheel<\/p>\n<\/li>\n<li class=\"\" data-start=\"482\" data-end=\"533\">\n<p class=\"\" data-start=\"484\" data-end=\"533\"><strong data-start=\"484\" data-end=\"499\">Application<\/strong>: Sandvik rock drilling machines<\/p>\n<\/li>\n<\/ul>\n<p class=\"\" data-start=\"535\" data-end=\"678\">This gear wheel is compatible with various Sandvik rock drill models and is ideal for enhancing the performance and durability of your machine.<\/p>\n<hr class=\"\" data-start=\"680\" data-end=\"683\" \/>\n<h3 class=\"\" data-start=\"685\" data-end=\"701\"><strong data-start=\"689\" data-end=\"701\">\u0420\u0443\u0441\u0441\u043a\u0438\u0439:<\/strong><\/h3>\n<p class=\"\" data-start=\"703\" data-end=\"922\"><strong data-start=\"703\" data-end=\"739\">\u0417\u0443\u0431\u0447\u0430\u0442\u043e\u0435 \u043a\u043e\u043b\u0435\u0441\u043e Sandvik 55059778<\/strong> \u043f\u0440\u0435\u0434\u043d\u0430\u0437\u043d\u0430\u0447\u0435\u043d\u043e \u0434\u043b\u044f \u0431\u0443\u0440\u043e\u0432\u044b\u0445 \u0443\u0441\u0442\u0430\u043d\u043e\u0432\u043e\u043a \u043c\u0430\u0440\u043a\u0438 Sandvik. \u042d\u0442\u0430 \u0434\u0435\u0442\u0430\u043b\u044c \u0438\u0437\u0433\u043e\u0442\u043e\u0432\u043b\u0435\u043d\u0430 \u0432 \u0441\u043e\u043e\u0442\u0432\u0435\u0442\u0441\u0442\u0432\u0438\u0438 \u0441 \u0432\u044b\u0441\u043e\u043a\u0438\u043c\u0438 \u0441\u0442\u0430\u043d\u0434\u0430\u0440\u0442\u0430\u043c\u0438 \u043a\u0430\u0447\u0435\u0441\u0442\u0432\u0430 \u0434\u043b\u044f \u043e\u0431\u0435\u0441\u043f\u0435\u0447\u0435\u043d\u0438\u044f \u0431\u0435\u0437\u043e\u043f\u0430\u0441\u043d\u043e\u0439 \u0438 \u044d\u0444\u0444\u0435\u043a\u0442\u0438\u0432\u043d\u043e\u0439 \u0440\u0430\u0431\u043e\u0442\u044b \u043e\u0431\u043e\u0440\u0443\u0434\u043e\u0432\u0430\u043d\u0438\u044f.<\/p>\n<p class=\"\" data-start=\"924\" data-end=\"956\"><strong data-start=\"924\" data-end=\"954\">\u0422\u0435\u0445\u043d\u0438\u0447\u0435\u0441\u043a\u0438\u0435 \u0445\u0430\u0440\u0430\u043a\u0442\u0435\u0440\u0438\u0441\u0442\u0438\u043a\u0438<\/strong><\/p>\n<ul data-start=\"957\" data-end=\"1107\">\n<li class=\"\" data-start=\"957\" data-end=\"979\">\n<p class=\"\" data-start=\"959\" data-end=\"979\"><strong data-start=\"959\" data-end=\"968\">\u0411\u0440\u0435\u043d\u0434<\/strong>: Sandvik<\/p>\n<\/li>\n<li class=\"\" data-start=\"980\" data-end=\"1010\">\n<p class=\"\" data-start=\"982\" data-end=\"1010\"><strong data-start=\"982\" data-end=\"998\">\u041d\u043e\u043c\u0435\u0440 \u0434\u0435\u0442\u0430\u043b\u0438<\/strong>: 55059778<\/p>\n<\/li>\n<li class=\"\" data-start=\"1011\" data-end=\"1053\">\n<p class=\"\" data-start=\"1013\" data-end=\"1053\"><strong data-start=\"1013\" data-end=\"1034\">\u041e\u043f\u0438\u0441\u0430\u043d\u0438\u0435 \u043f\u0440\u043e\u0434\u0443\u043a\u0442\u0430<\/strong>: \u0417\u0443\u0431\u0447\u0430\u0442\u043e\u0435 \u043a\u043e\u043b\u0435\u0441\u043e<\/p>\n<\/li>\n<li class=\"\" data-start=\"1054\" data-end=\"1107\">\n<p class=\"\" data-start=\"1056\" data-end=\"1107\"><strong data-start=\"1056\" data-end=\"1078\">\u041e\u0431\u043b\u0430\u0441\u0442\u044c \u043f\u0440\u0438\u043c\u0435\u043d\u0435\u043d\u0438\u044f<\/strong>: \u0411\u0443\u0440\u043e\u0432\u044b\u0435 \u0443\u0441\u0442\u0430\u043d\u043e\u0432\u043a\u0438 Sandvik<\/p>\n<\/li>\n<\/ul>\n<p class=\"\" data-start=\"1109\" data-end=\"1261\">\u042d\u0442\u043e \u0437\u0443\u0431\u0447\u0430\u0442\u043e\u0435 \u043a\u043e\u043b\u0435\u0441\u043e \u0441\u043e\u0432\u043c\u0435\u0441\u0442\u0438\u043c\u043e \u0441 \u0440\u0430\u0437\u043b\u0438\u0447\u043d\u044b\u043c\u0438 \u043c\u043e\u0434\u0435\u043b\u044f\u043c\u0438 \u0431\u0443\u0440\u043e\u0432\u044b\u0445 \u0443\u0441\u0442\u0430\u043d\u043e\u0432\u043e\u043a Sandvik \u0438 \u0438\u0434\u0435\u0430\u043b\u044c\u043d\u043e \u043f\u043e\u0434\u0445\u043e\u0434\u0438\u0442 \u0434\u043b\u044f \u043f\u043e\u0432\u044b\u0448\u0435\u043d\u0438\u044f \u043f\u0440\u043e\u0438\u0437\u0432\u043e\u0434\u0438\u0442\u0435\u043b\u044c\u043d\u043e\u0441\u0442\u0438 \u0438 \u043d\u0430\u0434\u0435\u0436\u043d\u043e\u0441\u0442\u0438 \u043c\u0430\u0448\u0438\u043d\u044b.<\/p>\n<hr class=\"\" data-start=\"1263\" data-end=\"1266\" \/>\n<h3 class=\"\" data-start=\"1268\" data-end=\"1284\"><strong data-start=\"1272\" data-end=\"1284\">Espa\u00f1ol:<\/strong><\/h3>\n<p class=\"\" data-start=\"1286\" data-end=\"1534\">La <strong data-start=\"1289\" data-end=\"1323\">rueda dentada Sandvik 55059778<\/strong> es un componente dise\u00f1ado para las m\u00e1quinas perforadoras de roca de la marca Sandvik. Esta pieza est\u00e1 fabricada con altos est\u00e1ndares de calidad para garantizar el funcionamiento seguro y eficiente de su equipo.<\/p>\n<p class=\"\" data-start=\"1536\" data-end=\"1567\"><strong data-start=\"1536\" data-end=\"1565\">Especificaciones T\u00e9cnicas<\/strong><\/p>\n<ul data-start=\"1568\" data-end=\"1730\">\n<li class=\"\" data-start=\"1568\" data-end=\"1590\">\n<p class=\"\" data-start=\"1570\" data-end=\"1590\"><strong data-start=\"1570\" data-end=\"1579\">Marca<\/strong>: Sandvik<\/p>\n<\/li>\n<li class=\"\" data-start=\"1591\" data-end=\"1624\">\n<p class=\"\" data-start=\"1593\" data-end=\"1624\"><strong data-start=\"1593\" data-end=\"1612\">N\u00famero de pieza<\/strong>: 55059778<\/p>\n<\/li>\n<li class=\"\" data-start=\"1625\" data-end=\"1672\">\n<p class=\"\" data-start=\"1627\" data-end=\"1672\"><strong data-start=\"1627\" data-end=\"1655\">Descripci\u00f3n del producto<\/strong>: Rueda dentada<\/p>\n<\/li>\n<li class=\"\" data-start=\"1673\" data-end=\"1730\">\n<p class=\"\" data-start=\"1675\" data-end=\"1730\"><strong data-start=\"1675\" data-end=\"1689\">Aplicaci\u00f3n<\/strong>: M\u00e1quinas perforadoras de roca Sandvik<\/p>\n<\/li>\n<\/ul>\n<p class=\"\" data-start=\"1732\" data-end=\"1878\">Esta rueda dentada es compatible con varios modelos de perforadoras Sandvik y es ideal para mejorar el rendimiento y la durabilidad de su m\u00e1quina.<\/p>\n","protected":false},"excerpt":{"rendered":"<p><img decoding=\"async\" class=\"alignnone size-medium wp-image-1163\" src=\"https:\/\/www.asrocgroup.com\/wp-content\/uploads\/2025\/04\/WhatsApp-Gorsel-2025-04-30-saat-23.18.43_e04cdc88-300x267.jpg\" alt=\"\" width=\"300\" height=\"267\" srcset=\"https:\/\/www.asrocgroup.com\/wp-content\/uploads\/2025\/04\/WhatsApp-Gorsel-2025-04-30-saat-23.18.43_e04cdc88-300x267.jpg 300w, https:\/\/www.asrocgroup.com\/wp-content\/uploads\/2025\/04\/WhatsApp-Gorsel-2025-04-30-saat-23.18.43_e04cdc88-600x535.jpg 600w, https:\/\/www.asrocgroup.com\/wp-content\/uploads\/2025\/04\/WhatsApp-Gorsel-2025-04-30-saat-23.18.43_e04cdc88-1024x913.jpg 1024w, https:\/\/www.asrocgroup.com\/wp-content\/uploads\/2025\/04\/WhatsApp-Gorsel-2025-04-30-saat-23.18.43_e04cdc88-768x684.jpg 768w, https:\/\/www.asrocgroup.com\/wp-content\/uploads\/2025\/04\/WhatsApp-Gorsel-2025-04-30-saat-23.18.43_e04cdc88-1536x1369.jpg 1536w, https:\/\/www.asrocgroup.com\/wp-content\/uploads\/2025\/04\/WhatsApp-Gorsel-2025-04-30-saat-23.18.43_e04cdc88-13x12.jpg 13w, https:\/\/www.asrocgroup.com\/wp-content\/uploads\/2025\/04\/WhatsApp-Gorsel-2025-04-30-saat-23.18.43_e04cdc88.jpg 1683w\" sizes=\"(max-width: 300px) 100vw, 300px\" \/><\/p>\n","protected":false},"featured_media":1163,"comment_status":"open","ping_status":"closed","template":"","meta":[],"product_cat":[33,36],"product_tag":[126,113,125],"class_list":["post-1160","product","type-product","status-publish","has-post-thumbnail","hentry","product_cat-sandvik-yedek-parca","product_cat-tamrock-yedek-parca","product_tag-126","product_tag-sandvik","product_tag-tamrock"],"_links":{"self":[{"href":"http:\/\/www.asrocgroup.com\/tr_tr\/wp-json\/wp\/v3\/product\/1160","targetHints":{"allow":["GET"]}}],"collection":[{"href":"http:\/\/www.asrocgroup.com\/tr_tr\/wp-json\/wp\/v3\/product"}],"about":[{"href":"http:\/\/www.asrocgroup.com\/tr_tr\/wp-json\/wp\/v2\/types\/product"}],"replies":[{"embeddable":true,"href":"http:\/\/www.asrocgroup.com\/tr_tr\/wp-json\/wp\/v2\/comments?post=1160"}],"wp:featuredmedia":[{"embeddable":true,"href":"http:\/\/www.asrocgroup.com\/tr_tr\/wp-json\/wp\/v2\/media\/1163"}],"wp:attachment":[{"href":"http:\/\/www.asrocgroup.com\/tr_tr\/wp-json\/wp\/v2\/media?parent=1160"}],"wp:term":[{"taxonomy":"product_cat","embeddable":true,"href":"http:\/\/www.asrocgroup.com\/tr_tr\/wp-json\/wp\/v2\/product_cat?post=1160"},{"taxonomy":"product_tag","embeddable":true,"href":"http:\/\/www.asrocgroup.com\/tr_tr\/wp-json\/wp\/v2\/product_tag?post=1160"}],"curies":[{"name":"wp","href":"https:\/\/api.w.org\/{rel}","templated":true}]}}