{"id":1142,"date":"2025-04-30T17:10:17","date_gmt":"2025-04-30T17:10:17","guid":{"rendered":"https:\/\/www.asrocgroup.com\/?post_type=product&#038;p=1142"},"modified":"2025-05-02T06:12:07","modified_gmt":"2025-05-02T06:12:07","slug":"15238718-bushing-bearing","status":"publish","type":"product","link":"http:\/\/www.asrocgroup.com\/tr_tr\/urun\/15238718-bushing-bearing\/","title":{"rendered":"15238718 BUSHING BEARING"},"content":{"rendered":"<p><img decoding=\"async\" class=\"size-medium wp-image-1143 alignleft\" src=\"https:\/\/www.asrocgroup.com\/wp-content\/uploads\/2025\/04\/ASR-152-387-18-END-CAP-300x270.jpg\" alt=\"\" width=\"300\" height=\"270\" srcset=\"https:\/\/www.asrocgroup.com\/wp-content\/uploads\/2025\/04\/ASR-152-387-18-END-CAP-300x270.jpg 300w, https:\/\/www.asrocgroup.com\/wp-content\/uploads\/2025\/04\/ASR-152-387-18-END-CAP-600x539.jpg 600w, https:\/\/www.asrocgroup.com\/wp-content\/uploads\/2025\/04\/ASR-152-387-18-END-CAP-1024x920.jpg 1024w, https:\/\/www.asrocgroup.com\/wp-content\/uploads\/2025\/04\/ASR-152-387-18-END-CAP-768x690.jpg 768w, https:\/\/www.asrocgroup.com\/wp-content\/uploads\/2025\/04\/ASR-152-387-18-END-CAP-1536x1380.jpg 1536w, https:\/\/www.asrocgroup.com\/wp-content\/uploads\/2025\/04\/ASR-152-387-18-END-CAP-13x12.jpg 13w, https:\/\/www.asrocgroup.com\/wp-content\/uploads\/2025\/04\/ASR-152-387-18-END-CAP.jpg 1669w\" sizes=\"(max-width: 300px) 100vw, 300px\" \/><\/p>\n<ul data-start=\"233\" data-end=\"465\">\n<li class=\"\" data-start=\"233\" data-end=\"267\">\n<p class=\"\" data-start=\"235\" data-end=\"267\"><strong data-start=\"235\" data-end=\"249\">Par\u00e7a Ad\u0131:<\/strong> Bushing Bearing<\/p>\n<\/li>\n<li class=\"\" data-start=\"268\" data-end=\"302\">\n<p class=\"\" data-start=\"270\" data-end=\"302\"><strong data-start=\"270\" data-end=\"289\">Par\u00e7a Numaras\u0131:<\/strong> 15238718<\/p>\n<\/li>\n<li class=\"\" data-start=\"303\" data-end=\"360\">\n<p class=\"\" data-start=\"305\" data-end=\"360\"><strong data-start=\"305\" data-end=\"322\">Uyumlu Model:<\/strong> Sandvik\/Tamrock HL1560T kaya delici<\/p>\n<\/li>\n<li class=\"\" data-start=\"361\" data-end=\"403\">\n<p class=\"\" data-start=\"363\" data-end=\"403\"><strong data-start=\"363\" data-end=\"377\">\u00dcr\u00fcn T\u00fcr\u00fc:<\/strong> Aftermarket yedek par\u00e7a<\/p>\n<\/li>\n<li class=\"\" data-start=\"404\" data-end=\"427\">\n<p class=\"\" data-start=\"406\" data-end=\"427\"><strong data-start=\"406\" data-end=\"417\">Men\u015fei:<\/strong> T\u00fcrkiye<\/p>\n<\/li>\n<li class=\"\" data-start=\"428\" data-end=\"465\">\n<p class=\"\" data-start=\"430\" data-end=\"465\"><strong data-start=\"430\" data-end=\"440\">Kargo:<\/strong> D\u00fcnya \u00e7ap\u0131nda g\u00f6nderim<\/p>\n<\/li>\n<\/ul>\n<p class=\"\" data-start=\"550\" data-end=\"725\">\n","protected":false},"excerpt":{"rendered":"<p>Par\u00e7a Ad\u0131: Bushing Bearing Par\u00e7a Numaras\u0131: 15238718 Uyumlu Model: Sandvik\/Tamrock HL1560T kaya delici \u00dcr\u00fcn T\u00fcr\u00fc: Aftermarket yedek par\u00e7a Men\u015fei: T\u00fcrkiye Kargo: D\u00fcnya \u00e7ap\u0131nda g\u00f6nderim<\/p>\n","protected":false},"featured_media":1143,"comment_status":"open","ping_status":"closed","template":"","meta":[],"product_cat":[33],"product_tag":[],"class_list":["post-1142","product","type-product","status-publish","has-post-thumbnail","hentry","product_cat-sandvik-yedek-parca"],"_links":{"self":[{"href":"http:\/\/www.asrocgroup.com\/tr_tr\/wp-json\/wp\/v3\/product\/1142","targetHints":{"allow":["GET"]}}],"collection":[{"href":"http:\/\/www.asrocgroup.com\/tr_tr\/wp-json\/wp\/v3\/product"}],"about":[{"href":"http:\/\/www.asrocgroup.com\/tr_tr\/wp-json\/wp\/v2\/types\/product"}],"replies":[{"embeddable":true,"href":"http:\/\/www.asrocgroup.com\/tr_tr\/wp-json\/wp\/v2\/comments?post=1142"}],"wp:featuredmedia":[{"embeddable":true,"href":"http:\/\/www.asrocgroup.com\/tr_tr\/wp-json\/wp\/v2\/media\/1143"}],"wp:attachment":[{"href":"http:\/\/www.asrocgroup.com\/tr_tr\/wp-json\/wp\/v2\/media?parent=1142"}],"wp:term":[{"taxonomy":"product_cat","embeddable":true,"href":"http:\/\/www.asrocgroup.com\/tr_tr\/wp-json\/wp\/v2\/product_cat?post=1142"},{"taxonomy":"product_tag","embeddable":true,"href":"http:\/\/www.asrocgroup.com\/tr_tr\/wp-json\/wp\/v2\/product_tag?post=1142"}],"curies":[{"name":"wp","href":"https:\/\/api.w.org\/{rel}","templated":true}]}}