{"id":1144,"date":"2025-04-30T18:47:34","date_gmt":"2025-04-30T18:47:34","guid":{"rendered":"https:\/\/www.asrocgroup.com\/?post_type=product&#038;p=1144"},"modified":"2025-05-02T06:11:24","modified_gmt":"2025-05-02T06:11:24","slug":"23212488-spacer","status":"publish","type":"product","link":"http:\/\/www.asrocgroup.com\/ru\/product\/23212488-spacer\/","title":{"rendered":"23212488 SPACER"},"content":{"rendered":"<p><img decoding=\"async\" class=\"size-medium wp-image-1145 alignnone alignleft\" src=\"https:\/\/www.asrocgroup.com\/wp-content\/uploads\/2025\/04\/ASR-232-124-88-SPACER-276x300.jpg\" alt=\"\" width=\"276\" height=\"300\" srcset=\"https:\/\/www.asrocgroup.com\/wp-content\/uploads\/2025\/04\/ASR-232-124-88-SPACER-276x300.jpg 276w, https:\/\/www.asrocgroup.com\/wp-content\/uploads\/2025\/04\/ASR-232-124-88-SPACER-600x651.jpg 600w, https:\/\/www.asrocgroup.com\/wp-content\/uploads\/2025\/04\/ASR-232-124-88-SPACER-943x1024.jpg 943w, https:\/\/www.asrocgroup.com\/wp-content\/uploads\/2025\/04\/ASR-232-124-88-SPACER-768x834.jpg 768w, https:\/\/www.asrocgroup.com\/wp-content\/uploads\/2025\/04\/ASR-232-124-88-SPACER-1415x1536.jpg 1415w, https:\/\/www.asrocgroup.com\/wp-content\/uploads\/2025\/04\/ASR-232-124-88-SPACER-11x12.jpg 11w, https:\/\/www.asrocgroup.com\/wp-content\/uploads\/2025\/04\/ASR-232-124-88-SPACER.jpg 1842w\" sizes=\"(max-width: 276px) 100vw, 276px\" \/>Sandvik <span style=\"font-size: inherit;\">Yedek Par\u00e7a Spacer<\/span><\/p>\n<p>Par\u00e7a Numaras\u0131: 23212488<\/p>\n<p>Tan\u0131m: Spacer (Mesafe Par\u00e7as\u0131)<\/p>\n<p>Marka: Sandvi<span style=\"font-size: inherit;\">k<\/span><\/p>","protected":false},"excerpt":{"rendered":"<p><img decoding=\"async\" class=\"alignnone size-medium wp-image-1146\" src=\"https:\/\/www.asrocgroup.com\/wp-content\/uploads\/2025\/04\/WhatsApp-Gorsel-2025-04-30-saat-22.20.41_226ad91a-300x290.jpg\" alt=\"\" width=\"300\" height=\"290\" srcset=\"https:\/\/www.asrocgroup.com\/wp-content\/uploads\/2025\/04\/WhatsApp-Gorsel-2025-04-30-saat-22.20.41_226ad91a-300x290.jpg 300w, https:\/\/www.asrocgroup.com\/wp-content\/uploads\/2025\/04\/WhatsApp-Gorsel-2025-04-30-saat-22.20.41_226ad91a-600x581.jpg 600w, https:\/\/www.asrocgroup.com\/wp-content\/uploads\/2025\/04\/WhatsApp-Gorsel-2025-04-30-saat-22.20.41_226ad91a-1024x991.jpg 1024w, https:\/\/www.asrocgroup.com\/wp-content\/uploads\/2025\/04\/WhatsApp-Gorsel-2025-04-30-saat-22.20.41_226ad91a-768x743.jpg 768w, https:\/\/www.asrocgroup.com\/wp-content\/uploads\/2025\/04\/WhatsApp-Gorsel-2025-04-30-saat-22.20.41_226ad91a-1536x1487.jpg 1536w, https:\/\/www.asrocgroup.com\/wp-content\/uploads\/2025\/04\/WhatsApp-Gorsel-2025-04-30-saat-22.20.41_226ad91a-12x12.jpg 12w, https:\/\/www.asrocgroup.com\/wp-content\/uploads\/2025\/04\/WhatsApp-Gorsel-2025-04-30-saat-22.20.41_226ad91a.jpg 2000w\" sizes=\"(max-width: 300px) 100vw, 300px\" \/> <img decoding=\"async\" class=\"alignnone size-medium wp-image-1148\" src=\"https:\/\/www.asrocgroup.com\/wp-content\/uploads\/2025\/04\/WhatsApp-Gorsel-2025-04-30-saat-22.20.41_cae2c53d-287x300.jpg\" alt=\"\" width=\"287\" height=\"300\" srcset=\"https:\/\/www.asrocgroup.com\/wp-content\/uploads\/2025\/04\/WhatsApp-Gorsel-2025-04-30-saat-22.20.41_cae2c53d-287x300.jpg 287w, https:\/\/www.asrocgroup.com\/wp-content\/uploads\/2025\/04\/WhatsApp-Gorsel-2025-04-30-saat-22.20.41_cae2c53d-600x628.jpg 600w, https:\/\/www.asrocgroup.com\/wp-content\/uploads\/2025\/04\/WhatsApp-Gorsel-2025-04-30-saat-22.20.41_cae2c53d-978x1024.jpg 978w, https:\/\/www.asrocgroup.com\/wp-content\/uploads\/2025\/04\/WhatsApp-Gorsel-2025-04-30-saat-22.20.41_cae2c53d-768x804.jpg 768w, https:\/\/www.asrocgroup.com\/wp-content\/uploads\/2025\/04\/WhatsApp-Gorsel-2025-04-30-saat-22.20.41_cae2c53d-11x12.jpg 11w, https:\/\/www.asrocgroup.com\/wp-content\/uploads\/2025\/04\/WhatsApp-Gorsel-2025-04-30-saat-22.20.41_cae2c53d.jpg 1433w\" sizes=\"(max-width: 287px) 100vw, 287px\" \/> <img decoding=\"async\" class=\"alignnone size-medium wp-image-1147\" src=\"https:\/\/www.asrocgroup.com\/wp-content\/uploads\/2025\/04\/WhatsApp-Gorsel-2025-04-30-saat-22.20.41_b23c2bd2-287x300.jpg\" alt=\"\" width=\"287\" height=\"300\" srcset=\"https:\/\/www.asrocgroup.com\/wp-content\/uploads\/2025\/04\/WhatsApp-Gorsel-2025-04-30-saat-22.20.41_b23c2bd2-287x300.jpg 287w, https:\/\/www.asrocgroup.com\/wp-content\/uploads\/2025\/04\/WhatsApp-Gorsel-2025-04-30-saat-22.20.41_b23c2bd2-600x626.jpg 600w, https:\/\/www.asrocgroup.com\/wp-content\/uploads\/2025\/04\/WhatsApp-Gorsel-2025-04-30-saat-22.20.41_b23c2bd2-981x1024.jpg 981w, https:\/\/www.asrocgroup.com\/wp-content\/uploads\/2025\/04\/WhatsApp-Gorsel-2025-04-30-saat-22.20.41_b23c2bd2-768x802.jpg 768w, https:\/\/www.asrocgroup.com\/wp-content\/uploads\/2025\/04\/WhatsApp-Gorsel-2025-04-30-saat-22.20.41_b23c2bd2-11x12.jpg 11w, https:\/\/www.asrocgroup.com\/wp-content\/uploads\/2025\/04\/WhatsApp-Gorsel-2025-04-30-saat-22.20.41_b23c2bd2.jpg 1437w\" sizes=\"(max-width: 287px) 100vw, 287px\" \/><\/p>","protected":false},"featured_media":1146,"comment_status":"open","ping_status":"closed","template":"","meta":[],"product_cat":[38],"product_tag":[118,113,119],"class_list":["post-1144","product","type-product","status-publish","has-post-thumbnail","hentry","product_cat-yedek-parcalar","product_tag-118","product_tag-sandvik","product_tag-spacer"],"_links":{"self":[{"href":"http:\/\/www.asrocgroup.com\/ru\/wp-json\/wp\/v3\/product\/1144","targetHints":{"allow":["GET"]}}],"collection":[{"href":"http:\/\/www.asrocgroup.com\/ru\/wp-json\/wp\/v3\/product"}],"about":[{"href":"http:\/\/www.asrocgroup.com\/ru\/wp-json\/wp\/v2\/types\/product"}],"replies":[{"embeddable":true,"href":"http:\/\/www.asrocgroup.com\/ru\/wp-json\/wp\/v2\/comments?post=1144"}],"wp:featuredmedia":[{"embeddable":true,"href":"http:\/\/www.asrocgroup.com\/ru\/wp-json\/wp\/v2\/media\/1146"}],"wp:attachment":[{"href":"http:\/\/www.asrocgroup.com\/ru\/wp-json\/wp\/v2\/media?parent=1144"}],"wp:term":[{"taxonomy":"product_cat","embeddable":true,"href":"http:\/\/www.asrocgroup.com\/ru\/wp-json\/wp\/v2\/product_cat?post=1144"},{"taxonomy":"product_tag","embeddable":true,"href":"http:\/\/www.asrocgroup.com\/ru\/wp-json\/wp\/v2\/product_tag?post=1144"}],"curies":[{"name":"wp","href":"https:\/\/api.w.org\/{rel}","templated":true}]}}