{"id":397,"date":"2023-04-09T12:30:56","date_gmt":"2023-04-09T12:30:56","guid":{"rendered":"http:\/\/www.asrocgroup.com\/?page_id=397"},"modified":"2023-04-09T12:30:56","modified_gmt":"2023-04-09T12:30:56","slug":"yedek-parca","status":"publish","type":"page","link":"http:\/\/www.asrocgroup.com\/fr\/yedek-parca\/","title":{"rendered":"Pi\u00e8ce d\u00e9tach\u00e9e"},"content":{"rendered":"","protected":false},"excerpt":{"rendered":"","protected":false},"author":1,"featured_media":0,"parent":0,"menu_order":0,"comment_status":"closed","ping_status":"closed","template":"","meta":{"footnotes":""},"class_list":["post-397","page","type-page","status-publish"],"_links":{"self":[{"href":"http:\/\/www.asrocgroup.com\/fr\/wp-json\/wp\/v2\/pages\/397","targetHints":{"allow":["GET"]}}],"collection":[{"href":"http:\/\/www.asrocgroup.com\/fr\/wp-json\/wp\/v2\/pages"}],"about":[{"href":"http:\/\/www.asrocgroup.com\/fr\/wp-json\/wp\/v2\/types\/page"}],"author":[{"embeddable":true,"href":"http:\/\/www.asrocgroup.com\/fr\/wp-json\/wp\/v2\/users\/1"}],"replies":[{"embeddable":true,"href":"http:\/\/www.asrocgroup.com\/fr\/wp-json\/wp\/v2\/comments?post=397"}],"version-history":[{"count":1,"href":"http:\/\/www.asrocgroup.com\/fr\/wp-json\/wp\/v2\/pages\/397\/revisions"}],"predecessor-version":[{"id":399,"href":"http:\/\/www.asrocgroup.com\/fr\/wp-json\/wp\/v2\/pages\/397\/revisions\/399"}],"wp:attachment":[{"href":"http:\/\/www.asrocgroup.com\/fr\/wp-json\/wp\/v2\/media?parent=397"}],"curies":[{"name":"wp","href":"https:\/\/api.w.org\/{rel}","templated":true}]}}