{"id":1174,"date":"2025-05-01T07:57:19","date_gmt":"2025-05-01T07:57:19","guid":{"rendered":"https:\/\/www.asrocgroup.com\/?post_type=product&#038;p=1174"},"modified":"2025-05-02T06:02:06","modified_gmt":"2025-05-02T06:02:06","slug":"55011763-accumulator","status":"publish","type":"product","link":"http:\/\/www.asrocgroup.com\/ar\/product\/55011763-accumulator\/","title":{"rendered":"55011763 ACCUMULATOR"},"content":{"rendered":"<p><img decoding=\"async\" class=\"size-medium wp-image-1175 alignleft\" src=\"https:\/\/www.asrocgroup.com\/wp-content\/uploads\/2025\/05\/ASR-550-117-63-ACCUMULATOR-225x300.jpg\" alt=\"\" width=\"225\" height=\"300\" srcset=\"https:\/\/www.asrocgroup.com\/wp-content\/uploads\/2025\/05\/ASR-550-117-63-ACCUMULATOR-225x300.jpg 225w, https:\/\/www.asrocgroup.com\/wp-content\/uploads\/2025\/05\/ASR-550-117-63-ACCUMULATOR-600x801.jpg 600w, https:\/\/www.asrocgroup.com\/wp-content\/uploads\/2025\/05\/ASR-550-117-63-ACCUMULATOR-768x1025.jpg 768w, https:\/\/www.asrocgroup.com\/wp-content\/uploads\/2025\/05\/ASR-550-117-63-ACCUMULATOR-1151x1536.jpg 1151w, https:\/\/www.asrocgroup.com\/wp-content\/uploads\/2025\/05\/ASR-550-117-63-ACCUMULATOR-9x12.jpg 9w, https:\/\/www.asrocgroup.com\/wp-content\/uploads\/2025\/05\/ASR-550-117-63-ACCUMULATOR.jpg 1535w\" sizes=\"(max-width: 225px) 100vw, 225px\" \/><strong data-start=\"140\" data-end=\"155\">Par\u00e7a Kodu:<\/strong> 55011763<\/p>\n<ul data-start=\"138\" data-end=\"871\">\n<li class=\"\" data-start=\"167\" data-end=\"210\">\n<p class=\"\" data-start=\"169\" data-end=\"210\"><strong data-start=\"169\" data-end=\"183\">Par\u00e7a Ad\u0131:<\/strong> Ak\u00fcm\u00fclat\u00f6r (Accumulator)<\/p>\n<\/li>\n<li class=\"\" data-start=\"767\" data-end=\"871\">\n<p class=\"\" data-start=\"769\" data-end=\"871\"><strong data-start=\"769\" data-end=\"790\">Uyumlu Makineler:<\/strong> Sandvik, Epiroc gibi markalar\u0131n delici makineleri (\u00f6zellikle drifter sistemleri)<\/p>\n<\/li>\n<\/ul>","protected":false},"excerpt":{"rendered":"<p>Par\u00e7a Kodu: 55011763 Par\u00e7a Ad\u0131: Ak\u00fcm\u00fclat\u00f6r (Accumulator) Uyumlu Makineler: Sandvik, Epiroc gibi markalar\u0131n delici makineleri (\u00f6zellikle drifter sistemleri)<\/p>","protected":false},"featured_media":1175,"comment_status":"open","ping_status":"closed","template":"","meta":[],"product_cat":[34,33],"product_tag":[136,135,117,113],"class_list":["post-1174","product","type-product","status-publish","has-post-thumbnail","hentry","product_cat-epiroc-yedek-parca","product_cat-sandvik-yedek-parca","product_tag-136","product_tag-accumulator","product_tag-epiroc","product_tag-sandvik"],"_links":{"self":[{"href":"http:\/\/www.asrocgroup.com\/ar\/wp-json\/wp\/v3\/product\/1174","targetHints":{"allow":["GET"]}}],"collection":[{"href":"http:\/\/www.asrocgroup.com\/ar\/wp-json\/wp\/v3\/product"}],"about":[{"href":"http:\/\/www.asrocgroup.com\/ar\/wp-json\/wp\/v2\/types\/product"}],"replies":[{"embeddable":true,"href":"http:\/\/www.asrocgroup.com\/ar\/wp-json\/wp\/v2\/comments?post=1174"}],"wp:featuredmedia":[{"embeddable":true,"href":"http:\/\/www.asrocgroup.com\/ar\/wp-json\/wp\/v2\/media\/1175"}],"wp:attachment":[{"href":"http:\/\/www.asrocgroup.com\/ar\/wp-json\/wp\/v2\/media?parent=1174"}],"wp:term":[{"taxonomy":"product_cat","embeddable":true,"href":"http:\/\/www.asrocgroup.com\/ar\/wp-json\/wp\/v2\/product_cat?post=1174"},{"taxonomy":"product_tag","embeddable":true,"href":"http:\/\/www.asrocgroup.com\/ar\/wp-json\/wp\/v2\/product_tag?post=1174"}],"curies":[{"name":"wp","href":"https:\/\/api.w.org\/{rel}","templated":true}]}}