{"id":1137,"date":"2025-04-30T10:32:11","date_gmt":"2025-04-30T10:32:11","guid":{"rendered":"https:\/\/www.asrocgroup.com\/?post_type=product&#038;p=1137"},"modified":"2025-05-28T11:16:14","modified_gmt":"2025-05-28T11:16:14","slug":"55003492-guide","status":"publish","type":"product","link":"http:\/\/www.asrocgroup.com\/ar\/product\/55003492-guide\/","title":{"rendered":"55003492 GUIDE"},"content":{"rendered":"<p><img decoding=\"async\" class=\"size-medium wp-image-1134 alignleft\" src=\"https:\/\/www.asrocgroup.com\/wp-content\/uploads\/2025\/04\/ASR-550-034-92-GUIDE-300x300.jpg\" alt=\"\" width=\"300\" height=\"300\" srcset=\"https:\/\/www.asrocgroup.com\/wp-content\/uploads\/2025\/04\/ASR-550-034-92-GUIDE-300x300.jpg 300w, https:\/\/www.asrocgroup.com\/wp-content\/uploads\/2025\/04\/ASR-550-034-92-GUIDE-100x100.jpg 100w, https:\/\/www.asrocgroup.com\/wp-content\/uploads\/2025\/04\/ASR-550-034-92-GUIDE-600x599.jpg 600w, https:\/\/www.asrocgroup.com\/wp-content\/uploads\/2025\/04\/ASR-550-034-92-GUIDE-1024x1024.jpg 1024w, https:\/\/www.asrocgroup.com\/wp-content\/uploads\/2025\/04\/ASR-550-034-92-GUIDE-150x150.jpg 150w, https:\/\/www.asrocgroup.com\/wp-content\/uploads\/2025\/04\/ASR-550-034-92-GUIDE-768x767.jpg 768w, https:\/\/www.asrocgroup.com\/wp-content\/uploads\/2025\/04\/ASR-550-034-92-GUIDE-1536x1534.jpg 1536w, https:\/\/www.asrocgroup.com\/wp-content\/uploads\/2025\/04\/ASR-550-034-92-GUIDE-12x12.jpg 12w, https:\/\/www.asrocgroup.com\/wp-content\/uploads\/2025\/04\/ASR-550-034-92-GUIDE.jpg 1600w\" sizes=\"(max-width: 300px) 100vw, 300px\" \/><\/p>\n<ul>\n<li class=\"\" data-start=\"188\" data-end=\"247\">\n<p class=\"\" data-start=\"190\" data-end=\"247\"><strong data-start=\"190\" data-end=\"209\">Par\u00e7a Numaras\u0131:<\/strong> <span class=\"relative -mx-px my-[-0.2rem] rounded px-px py-[0.2rem] transition-colors duration-100 ease-in-out\">55003492<\/span><\/p>\n<\/li>\n<li class=\"\" data-start=\"248\" data-end=\"304\">\n<p class=\"\" data-start=\"250\" data-end=\"304\"><strong data-start=\"250\" data-end=\"264\">Par\u00e7a Ad\u0131:<\/strong> <span class=\"relative -mx-px my-[-0.2rem] rounded px-px py-[0.2rem] transition-colors duration-100 ease-in-out\">GUIDE (K\u0131lavuz)<\/span><\/p>\n<\/li>\n<li class=\"\" data-start=\"305\" data-end=\"357\">\n<p class=\"\" data-start=\"307\" data-end=\"357\"><strong data-start=\"307\" data-end=\"317\">Marka:<\/strong> <span class=\"relative -mx-px my-[-0.2rem] rounded px-px py-[0.2rem] transition-colors duration-100 ease-in-out\">Sandvik \/ Tamrock<\/span><\/p>\n<\/li>\n<\/ul>","protected":false},"excerpt":{"rendered":"<p>Par\u00e7a Numaras\u0131: 55003492 Par\u00e7a Ad\u0131: GUIDE (K\u0131lavuz) Marka: Sandvik \/ Tamrock<\/p>","protected":false},"featured_media":1226,"comment_status":"open","ping_status":"closed","template":"","meta":[],"product_cat":[33,36,38],"product_tag":[147,148,113,125],"class_list":["post-1137","product","type-product","status-publish","has-post-thumbnail","hentry","product_cat-sandvik-yedek-parca","product_cat-tamrock-yedek-parca","product_cat-yedek-parcalar","product_tag-147","product_tag-guide","product_tag-sandvik","product_tag-tamrock"],"_links":{"self":[{"href":"http:\/\/www.asrocgroup.com\/ar\/wp-json\/wp\/v3\/product\/1137","targetHints":{"allow":["GET"]}}],"collection":[{"href":"http:\/\/www.asrocgroup.com\/ar\/wp-json\/wp\/v3\/product"}],"about":[{"href":"http:\/\/www.asrocgroup.com\/ar\/wp-json\/wp\/v2\/types\/product"}],"replies":[{"embeddable":true,"href":"http:\/\/www.asrocgroup.com\/ar\/wp-json\/wp\/v2\/comments?post=1137"}],"wp:featuredmedia":[{"embeddable":true,"href":"http:\/\/www.asrocgroup.com\/ar\/wp-json\/wp\/v2\/media\/1226"}],"wp:attachment":[{"href":"http:\/\/www.asrocgroup.com\/ar\/wp-json\/wp\/v2\/media?parent=1137"}],"wp:term":[{"taxonomy":"product_cat","embeddable":true,"href":"http:\/\/www.asrocgroup.com\/ar\/wp-json\/wp\/v2\/product_cat?post=1137"},{"taxonomy":"product_tag","embeddable":true,"href":"http:\/\/www.asrocgroup.com\/ar\/wp-json\/wp\/v2\/product_tag?post=1137"}],"curies":[{"name":"wp","href":"https:\/\/api.w.org\/{rel}","templated":true}]}}